{"id":3053,"date":"2023-03-24T11:12:58","date_gmt":"2023-03-24T09:12:58","guid":{"rendered":"https:\/\/acmarca.com\/?page_id=3053"},"modified":"2023-07-04T13:22:35","modified_gmt":"2023-07-04T11:22:35","slug":"politique-de-confidentialite","status":"publish","type":"page","link":"https:\/\/acmarca.com\/fr\/politique-de-confidentialite\/","title":{"rendered":"Politique de confidentialit\u00e9"},"content":{"rendered":"\t\t<div data-elementor-type=\"wp-page\" data-elementor-id=\"3053\" class=\"elementor elementor-3053\" data-elementor-post-type=\"page\">\n\t\t\t\t\t\t\t\t\t<section class=\"elementor-section elementor-top-section elementor-element elementor-element-0d94585 elementor-section-stretched elementor-section-boxed elementor-section-height-default elementor-section-height-default\" data-id=\"0d94585\" data-element_type=\"section\" data-settings=\"{&quot;stretch_section&quot;:&quot;section-stretched&quot;,&quot;background_background&quot;:&quot;classic&quot;}\">\n\t\t\t\t\t\t<div class=\"elementor-container elementor-column-gap-default\">\n\t\t\t\t\t<div class=\"elementor-column elementor-col-100 elementor-top-column elementor-element elementor-element-35dec9f\" data-id=\"35dec9f\" data-element_type=\"column\">\n\t\t\t<div class=\"elementor-widget-wrap elementor-element-populated\">\n\t\t\t\t\t\t\t\t<div class=\"elementor-element elementor-element-ce7fb72 elementor-widget elementor-widget-heading\" data-id=\"ce7fb72\" data-element_type=\"widget\" data-widget_type=\"heading.default\">\n\t\t\t\t<div class=\"elementor-widget-container\">\n\t\t\t<style>\/*! elementor - v3.14.0 - 26-06-2023 *\/\n.elementor-heading-title{padding:0;margin:0;line-height:1}.elementor-widget-heading .elementor-heading-title[class*=elementor-size-]>a{color:inherit;font-size:inherit;line-height:inherit}.elementor-widget-heading .elementor-heading-title.elementor-size-small{font-size:15px}.elementor-widget-heading .elementor-heading-title.elementor-size-medium{font-size:19px}.elementor-widget-heading .elementor-heading-title.elementor-size-large{font-size:29px}.elementor-widget-heading .elementor-heading-title.elementor-size-xl{font-size:39px}.elementor-widget-heading .elementor-heading-title.elementor-size-xxl{font-size:59px}<\/style><h1 class=\"elementor-heading-title elementor-size-default\">Politique de confidentialit\u00e9<\/h1>\t\t<\/div>\n\t\t\t\t<\/div>\n\t\t\t\t\t<\/div>\n\t\t<\/div>\n\t\t\t\t\t\t\t<\/div>\n\t\t<\/section>\n\t\t\t\t<section class=\"elementor-section elementor-top-section elementor-element elementor-element-dc9a473 elementor-reverse-mobile elementor-section-boxed elementor-section-height-default elementor-section-height-default\" data-id=\"dc9a473\" data-element_type=\"section\">\n\t\t\t\t\t\t<div class=\"elementor-container elementor-column-gap-default\">\n\t\t\t\t\t<div class=\"elementor-column elementor-col-50 elementor-top-column elementor-element elementor-element-9a3f785\" data-id=\"9a3f785\" data-element_type=\"column\">\n\t\t\t<div class=\"elementor-widget-wrap elementor-element-populated\">\n\t\t\t\t\t\t\t\t<div class=\"elementor-element elementor-element-b882be8 elementor-widget elementor-widget-image\" data-id=\"b882be8\" data-element_type=\"widget\" data-widget_type=\"image.default\">\n\t\t\t\t<div class=\"elementor-widget-container\">\n\t\t\t<style>\/*! elementor - v3.14.0 - 26-06-2023 *\/\n.elementor-widget-image{text-align:center}.elementor-widget-image a{display:inline-block}.elementor-widget-image a img[src$=\".svg\"]{width:48px}.elementor-widget-image img{vertical-align:middle;display:inline-block}<\/style>\t\t\t\t\t\t\t\t\t\t\t\t<img decoding=\"async\" width=\"83\" height=\"114\" src=\"https:\/\/acmarca.com\/fr\/wp-content\/uploads\/sites\/3\/2022\/06\/favicon.svg\" class=\"attachment-large size-large wp-image-2957\" alt=\"\" loading=\"lazy\" \/>\t\t\t\t\t\t\t\t\t\t\t\t\t\t\t<\/div>\n\t\t\t\t<\/div>\n\t\t\t\t\t<\/div>\n\t\t<\/div>\n\t\t\t\t<div class=\"elementor-column elementor-col-50 elementor-top-column elementor-element elementor-element-6e6487f\" data-id=\"6e6487f\" data-element_type=\"column\">\n\t\t\t<div class=\"elementor-widget-wrap elementor-element-populated\">\n\t\t\t\t\t\t\t\t<div class=\"elementor-element elementor-element-528c8dc elementor-widget elementor-widget-text-editor\" data-id=\"528c8dc\" data-element_type=\"widget\" data-widget_type=\"text-editor.default\">\n\t\t\t\t<div class=\"elementor-widget-container\">\n\t\t\t<style>\/*! elementor - v3.14.0 - 26-06-2023 *\/\n.elementor-widget-text-editor.elementor-drop-cap-view-stacked .elementor-drop-cap{background-color:#69727d;color:#fff}.elementor-widget-text-editor.elementor-drop-cap-view-framed .elementor-drop-cap{color:#69727d;border:3px solid;background-color:transparent}.elementor-widget-text-editor:not(.elementor-drop-cap-view-default) .elementor-drop-cap{margin-top:8px}.elementor-widget-text-editor:not(.elementor-drop-cap-view-default) .elementor-drop-cap-letter{width:1em;height:1em}.elementor-widget-text-editor .elementor-drop-cap{float:left;text-align:center;line-height:1;font-size:50px}.elementor-widget-text-editor .elementor-drop-cap-letter{display:inline-block}<\/style>\t\t\t\t<p>AC Marca souhaite \u00eatre aux c\u00f4t\u00e9s des personnes dans leur vie quotidienne, r\u00e9pondre \u00e0 leurs besoins et m\u00eame les anticiper afin d\u2019am\u00e9liorer leur qualit\u00e9 de vie gr\u00e2ce \u00e0 nos produits et nos services.<\/p><p>Notre politique de confidentialit\u00e9 t\u00e9moigne de notre engagement envers la protection des donn\u00e9es personnelles de nos utilisateurs. Nous nous effor\u00e7ons par ailleurs d\u2019introduire des nouveaut\u00e9s dans nos contr\u00f4les en vue d\u2019assurer \u00e0 tous nos utilisateurs une protection accrue de leurs donn\u00e9es personnelles.<\/p><p>Conform\u00e9ment au r\u00e8glement g\u00e9n\u00e9ral sur la protection des donn\u00e9es \u00e0 caract\u00e8re personnel de l\u2019Union europ\u00e9enne (ci-apr\u00e8s \u00ab RGPD \u00bb), nous vous informons ci-dessous de notre politique de confidentialit\u00e9.<\/p><p>Barcelone (Espagne), le 15 mars 2021 Groupe AC Marca, S.L.<\/p><h2>Responsable du traitement des donn\u00e9es<\/h2><p>Identit\u00e9 : GROUPE AC MARCA S.L.<\/p><p>Adresse postale : Av. Carrilet, 293-299. 08907 L\u2019Hospitalet de Llobregat. Barcelone T\u00e9l\u00e9phone : +34 93 260 68 00<\/p><p>E-mail : dpo@acmarca.com<\/p><p>Les donn\u00e9es personnelles sont contr\u00f4l\u00e9es par le GROUPE AC MARCA, S.L., titulaire du N.I.F. n\u00ba B-61.711.503, dont le si\u00e8ge se trouve au n\u00ba 293-297 de l\u2019av. Carrilet, 08907 L\u2019Hospitalet de Llobregat (province de Barcelone), Espagne, soci\u00e9t\u00e9 m\u00e8re du groupe d\u2019entreprises AC MARCA.<\/p><p>AC Marca d\u00e9signe \u00e0 la fois le GROUPE AC MARCA, S.L. et toute soci\u00e9t\u00e9 contr\u00f4l\u00e9e directement ou indirectement par lui. En Espagne, il op\u00e8re par l\u2019interm\u00e9diaire des entit\u00e9s suivantes :<\/p><p>&#8211; AC MARCA HOME CARE, S.A.<\/p><p>&#8211; AC MARCA ADHESIVES, S.A.<\/p><p>&#8211; AC MARCA PERSONAL CARE, S.L.<\/p><p>&#8211; LABORATORIO GENOV\u00c9, S.A.<\/p><p>&#8211; AC MARCA BRANDS, S.L.<\/p><p>Ainsi, la pr\u00e9sente politique de confidentialit\u00e9 s\u2019applique aux donn\u00e9es personnelles collect\u00e9es par les entreprises de AC Marca au sujet de leurs produits et de leurs services.<\/p><h2>Donn\u00e9es collect\u00e9es par AC Marca<\/h2><p>La collecte de donn\u00e9es a pour finalit\u00e9 d\u2019am\u00e9liorer le service que nous proposons \u00e0 tous nos utilisateurs. La collecte de donn\u00e9es s\u2019effectue de deux fa\u00e7ons :<\/p><ul><li>L\u2019information est directement apport\u00e9e par l\u2019utilisateur. Ce sont par exemple les coordonn\u00e9es (pr\u00e9nom, nom, adresse mail, etc.) fournies pour demander un renseignement.<\/li><li>Les donn\u00e9es sont obtenues via l\u2019utilisation de nos services. Nous pouvons collecter des donn\u00e9es sur les services que vous utilisez et sur la fa\u00e7on dont vous les utilisez, par exemple lorsque vous visitez le site Internet de l\u2019un de nos produits, ou sur la fa\u00e7on dont vous interagissez avec nos contenus. Ces donn\u00e9es-l\u00e0 comprennent :<\/li><li>Donn\u00e9es d\u2019enregistrement : \u00c0 chacune de vos visites sur notre site, il est possible que nous obtenions et stockions automatiquement certains renseignements dans les registres du serveur. Ces renseignements sont enregistr\u00e9s dans un fichier d\u2019activit\u00e9 du serveur, d\u00fbment inscrit, qui permet de traiter ult\u00e9rieurement les donn\u00e9es afin d\u2019obtenir des mesures \u00e0 vis\u00e9es statistiques uniquement, lesquelles permettent de conna\u00eetre le nombre d\u2019impressions de pages, le nombre de visites re\u00e7ues par les services web, l\u2019ordre des visites, le point d\u2019acc\u00e8s, etc. Ces donn\u00e9es peuvent inclure :<ul><li>une information d\u00e9taill\u00e9e sur la fa\u00e7on dont vous utilisez notre service (par exemple, vos questions de recherche) ;<\/li><li>l\u2019adresse IP (une adresse IP est un num\u00e9ro automatiquement assign\u00e9 \u00e0 un ordinateur lorsqu\u2019il se connecte \u00e0 Internet) ;<\/li><li>Une information relative \u00e0 votre dispositif, comme, par exemple, des bugs, l\u2019activit\u00e9 du syst\u00e8me, les r\u00e9glages du mat\u00e9riel, la langue du navigateur, la date et l\u2019heure de votre demande, et l\u2019URL de r\u00e9f\u00e9rence.<\/li><\/ul><\/li><li>Cookies et fichier d\u2019activit\u00e9 : afin de fournir des services de mesure, AC Marca peut utiliser des cookies lorsqu\u2019un utilisateur navigue sur ses sites Internet. Les cookies sont des fichiers envoy\u00e9s au navigateur par le biais d\u2019un serveur web afin d\u2019enregistrer les activit\u00e9s de l\u2019utilisateur au cours de sa navigation, dans le respect des caract\u00e9ristiques exprim\u00e9es dans notre politique en mati\u00e8re de cookies.<\/li><\/ul><h2>\u00a0<\/h2><h2>Finalit\u00e9 du traitement des donn\u00e9es<\/h2><p>Les donn\u00e9es que nous collectons par le biais de nos services sont utilis\u00e9es pour fournir, maintenir, prot\u00e9ger et am\u00e9liorer ces services, pour en d\u00e9velopper de nouveaux et pour assurer la protection de nos utilisateurs et celle d\u2019AC Marca.<\/p><p>Conform\u00e9ment aux dispositions du RGPD, nous vous informons qu\u2019en cochant la case \u00ab Acceptation des conditions l\u00e9gales \u00bb, vous acceptez express\u00e9ment, librement et sans \u00e9quivoque que vos donn\u00e9es personnelles soient trait\u00e9es par AC Marca aux fins d\u00e9clar\u00e9es dans chaque cas, selon les diff\u00e9rents canaux de collecte de donn\u00e9es que nous utilisons. Ces finalit\u00e9s peuvent \u00eatre les suivantes :<\/p><ul><li>La gestion de tirages au sort et de promotions pour chacun de nos produits.<\/li><li>L\u2019envoi de bulletins et de promotions comportant des publicit\u00e9s propres aux entreprises et aux marques de AC Marca.<\/li><li>L\u2019envoi des produits achet\u00e9s via des bons, ainsi que des promotions.<\/li><li>La remise de communications commerciales publicitaires par courriel, fax, SMS, MMS, communaut\u00e9s de r\u00e9seaux sociaux ou tout autre moyen \u00e9lectronique ou mat\u00e9riel, pr\u00e9sent ou futur, permettant d\u2019effectuer des communications. Ces communications commerciales seront en lien avec des produits ou des services offerts par AC Marca, ainsi que par des collaborateurs ou partenaires avec lesquels AC Marca aurait pass\u00e9 un accord de promotion commerciale destin\u00e9e \u00e0 leurs clients.<ul><li>Des activit\u00e9s de publicit\u00e9 et de prospection commerciale relatives \u00e0 ses propres produits et services, effectu\u00e9es par diff\u00e9rents m\u00e9dias et canaux de communication.<\/li><li>Des activit\u00e9s de publicit\u00e9 et de prospection commerciale \u2013 effectu\u00e9es par diff\u00e9rents m\u00e9dias et canaux de communication \u2013 relatives \u00e0 des produits et \u00e0 des services tiers de diff\u00e9rents secteurs d\u2019activit\u00e9, et pouvant impliquer la cession des donn\u00e9es personnelles auxdits tiers.<\/li><\/ul><\/li><li>La r\u00e9alisation d\u2019\u00e9tudes statistiques.<\/li><li>Le traitement de commandes, de demandes ou de tout type de requ\u00eates effectu\u00e9es par l\u2019utilisateur au moyen de l\u2019un des modes de contact mis \u00e0 sa disposition sur le site Internet de l\u2019entreprise.<\/li><li>L\u2019envoi du bulletin d\u2019actualit\u00e9s du site Internet.<\/li><li>L\u2019\u00e9laboration de profils \u00e0 des fins de publicit\u00e9 et de prospection commerciale.<\/li><\/ul><h2>\u00a0<\/h2><h2>Base juridique du traitement des donn\u00e9es<\/h2><p>La base juridique ou l\u00e9gitimit\u00e9 du traitement de vos donn\u00e9es r\u00e9side dans le consentement expr\u00e8s que vous accordez \u00e0 AC Marca en vue des fins mentionn\u00e9es.<\/p><h2>Transfert de donn\u00e9es<\/h2><p>Vos donn\u00e9es seront communiqu\u00e9es aux autres entreprises de AC Marca, et elles pourront \u00eatre c\u00e9d\u00e9s en cas d\u2019obligation l\u00e9gale.<\/p><h2>D\u00e9lai de conservation des donn\u00e9es<\/h2><p>Vos donn\u00e9es seront conserv\u00e9es pendant tout le temps que dure la finalit\u00e9 pour laquelle elles ont \u00e9t\u00e9 collect\u00e9es, le principe de limitation de la conservation des donn\u00e9es \u00e9tant \u00e0 tout moment respect\u00e9, ou encore jusqu\u2019\u00e0 ce que vous en demandiez la suppression, et ce pendant le temps n\u00e9cessaire pour respecter les obligations l\u00e9gales.<\/p><h2>Mesures de s\u00e9curit\u00e9 et contr\u00f4les des acc\u00e8s<\/h2><p>AC Marca a adopt\u00e9 toutes les mesures techniques et organisationnelles n\u00e9cessaires pour garantir la s\u00e9curit\u00e9 et l\u2019int\u00e9grit\u00e9 des donn\u00e9es \u00e0 caract\u00e8re personnel qu\u2019elle traite, ainsi que pour \u00e9viter qu\u2019elles soient perdues, falsifi\u00e9s et\/ou que des tiers non autoris\u00e9s y aient acc\u00e8s.<\/p><p>Le site Internet emploie des techniques de s\u00e9curit\u00e9 de l\u2019information g\u00e9n\u00e9ralement adopt\u00e9es dans le secteur, telles que des pare-feu, des proc\u00e9dures de contr\u00f4le d\u2019acc\u00e8s et des m\u00e9canismes cryptographiques, afin d\u2019emp\u00eacher tout acc\u00e8s non autoris\u00e9 aux donn\u00e9es.<\/p><p>Pour la r\u00e9alisation de ces objectifs, l\u2019utilisateur\/le client accepte que AC Marca obtienne des donn\u00e9es aux fins de l\u2019authentification des contr\u00f4les d\u2019acc\u00e8s.<\/p><h2>Vos droits<\/h2><p>Vous avez le droit d\u2019obtenir confirmation de la question de savoir si AC Marca traite ou non des donn\u00e9es personnelles vous concernant.<\/p><p>Vous avez par ailleurs le droit d\u2019acc\u00e9der \u00e0 vos donn\u00e9es personnelles, \u00e0 demander que soient rectifi\u00e9es les donn\u00e9es inexactes ou, le cas \u00e9ch\u00e9ant, \u00e0 en demander la suppression lorsque, entre autres raisons, les donn\u00e9es ne sont plus n\u00e9cessaires aux fins pour lesquelles elles ont \u00e9t\u00e9 collect\u00e9es.<\/p><p>Dans certaines circonstances, vous pouvez demander \u00e0 ce que le traitement de vos donn\u00e9es soit limit\u00e9, auquel cas nous ne les conserverons que pour exercer une r\u00e9clamation ou nous en d\u00e9fendre. Dans certaines circonstances et pour des raisons li\u00e9es \u00e0 votre situation particuli\u00e8re, vous pouvez vous opposer au traitement de vos donn\u00e9es. AC Marca cessera de traiter vos donn\u00e9es, sauf en cas de motif l\u00e9gitime et imp\u00e9rieux ou pour exercer une \u00e9ventuelle r\u00e9clamation ou s\u2019en d\u00e9fendre.<\/p><p>Vous pouvez \u00e9galement exercer le droit \u00e0 la portabilit\u00e9 de vos donn\u00e9es, ainsi que, \u00e0 tout moment, retirer les consentements fournis, sans que cela ne compromette la lic\u00e9it\u00e9 du traitement de vos donn\u00e9es, fond\u00e9e sur le consentement que vous aviez donn\u00e9 avant de le retirer.<\/p><p>Si vous souhaitez faire usage de l\u2019un ou l\u2019autre de vos droits, vous pouvez contacter le d\u00e9l\u00e9gu\u00e9 \u00e0 la protection des donn\u00e9es de l\u2019entreprise par courrier \u00e9lectronique \u00e0 l\u2019adresse suivante : <a href=\"mailto:dpo@acmarca.com\" target=\"_blank\" rel=\"noopener\">dpo@acmarca.com<\/a>.<\/p><p>Veuillez joindre \u00e0 votre requ\u00eate les renseignements suivants : pr\u00e9nom et nom, adresse de courrier \u00e9lectronique que vous employez pour le compte ou le portail concern\u00e9 par votre requ\u00eate.<\/p><h2>Utilisateurs mineurs<\/h2><p>AC Marca d\u00e9cline toute responsabilit\u00e9 si des mineurs ont envoy\u00e9 des donn\u00e9es personnelles via le pr\u00e9sent site. En effet, ses formulaires ne s\u2019adressent pas \u00e0 des mineurs.<\/p><p>Les tuteurs l\u00e9gaux du mineur peuvent exercer le droit d\u2019acc\u00e8s, de rectification et d\u2019annulation des donn\u00e9es en envoyant une demande \u00e9crite et sign\u00e9e au d\u00e9l\u00e9gu\u00e9 \u00e0 la protection des donn\u00e9es de l\u2019entreprise, indiquant nom, pr\u00e9nom et num\u00e9ro de carte nationale d\u2019identit\u00e9, ainsi que des instructions pr\u00e9cises, \u00e0 l\u2019adresse de courrier \u00e9lectronique suivante : <a href=\"mailto:dpo@acmarca.com\" target=\"_blank\" rel=\"noopener\">dpo@acmarca.com<\/a>.<\/p><p>Nous vous informons par ailleurs que vous pouvez contacter l\u2019Agence espagnole de protection des donn\u00e9es pour toute r\u00e9clamation relative au traitement de vos donn\u00e9es personnelles.<\/p><h2>Engagement d\u2019AC Marca<\/h2><p>Les donn\u00e9es demand\u00e9es par le biais de notre site Internet sont toutes obligatoires, car elles sont n\u00e9cessaires pour que nous puissions fournir un service optimal \u00e0 l\u2019utilisateur. Dans le cas o\u00f9 toutes les donn\u00e9es demand\u00e9es ne seraient pas fournies, AC Marca ne garantit pas que les informations et les services fournis seront totalement adapt\u00e9s \u00e0 vos besoins.<\/p><p>Notre politique de confidentialit\u00e9 peut \u00eatre modifi\u00e9e \u00e0 tout moment. Nous ne limiterons pas les droits octroy\u00e9s aux utilisateurs en vertu de la pr\u00e9sente politique de confidentialit\u00e9 sans leur consentement explicite.<\/p><p>Nous publierons toutes les modifications apport\u00e9es \u00e0 la pr\u00e9sente politique de confidentialit\u00e9 sur le pr\u00e9sent site. Si elles sont substantielles, nous les notifierons de fa\u00e7on plus marquante (nous enverrons par exemple une notification par courriel si la modification affecte certains services). En outre, nous archiverons les versions pr\u00e9c\u00e9dentes de cette politique de confidentialit\u00e9 pour que vous puissiez les consulter. <\/p>\t\t\t\t\t\t<\/div>\n\t\t\t\t<\/div>\n\t\t\t\t\t<\/div>\n\t\t<\/div>\n\t\t\t\t\t\t\t<\/div>\n\t\t<\/section>\n\t\t\t\t\t\t\t<\/div>\n\t\t","protected":false},"excerpt":{"rendered":"<p>Politique de confidentialit\u00e9 AC Marca souhaite \u00eatre aux c\u00f4t\u00e9s des personnes dans leur vie quotidienne, r\u00e9pondre \u00e0 leurs besoins et m\u00eame les anticiper afin d\u2019am\u00e9liorer leur qualit\u00e9 de vie gr\u00e2ce \u00e0 nos produits et nos services. Notre politique de confidentialit\u00e9 t\u00e9moigne de notre engagement envers la protection des donn\u00e9es personnelles de nos utilisateurs. Nous nous&hellip;<\/p>\n","protected":false},"author":6,"featured_media":0,"parent":0,"menu_order":0,"comment_status":"closed","ping_status":"closed","template":"","meta":[],"acf":[],"yoast_head":"<!-- This site is optimized with the Yoast SEO plugin v20.11 - https:\/\/yoast.com\/wordpress\/plugins\/seo\/ -->\n<title>Politique de confidentialit\u00e9 - AC Marca<\/title>\n<meta name=\"robots\" content=\"index, follow, max-snippet:-1, max-image-preview:large, max-video-preview:-1\" \/>\n<link rel=\"canonical\" href=\"https:\/\/acmarca.com\/fr\/politique-de-confidentialite\/\" \/>\n<meta property=\"og:locale\" content=\"fr_FR\" \/>\n<meta property=\"og:type\" content=\"article\" \/>\n<meta property=\"og:title\" content=\"Politique de confidentialit\u00e9 - AC Marca\" \/>\n<meta property=\"og:description\" content=\"Politique de confidentialit\u00e9 AC Marca souhaite \u00eatre aux c\u00f4t\u00e9s des personnes dans leur vie quotidienne, r\u00e9pondre \u00e0 leurs besoins et m\u00eame les anticiper afin d\u2019am\u00e9liorer leur qualit\u00e9 de vie gr\u00e2ce \u00e0 nos produits et nos services. Notre politique de confidentialit\u00e9 t\u00e9moigne de notre engagement envers la protection des donn\u00e9es personnelles de nos utilisateurs. Nous nous&hellip;\" \/>\n<meta property=\"og:url\" content=\"https:\/\/acmarca.com\/fr\/politique-de-confidentialite\/\" \/>\n<meta property=\"og:site_name\" content=\"AC Marca\" \/>\n<meta property=\"article:modified_time\" content=\"2023-07-04T11:22:35+00:00\" \/>\n<meta property=\"og:image\" content=\"https:\/\/acmarca.com\/fr\/wp-content\/uploads\/sites\/3\/2022\/06\/favicon.svg\" \/>\n<meta name=\"twitter:card\" content=\"summary_large_image\" \/>\n<script type=\"application\/ld+json\" class=\"yoast-schema-graph\">{\"@context\":\"https:\/\/schema.org\",\"@graph\":[{\"@type\":\"WebPage\",\"@id\":\"https:\/\/acmarca.com\/fr\/politique-de-confidentialite\/\",\"url\":\"https:\/\/acmarca.com\/fr\/politique-de-confidentialite\/\",\"name\":\"Politique de confidentialit\u00e9 - AC Marca\",\"isPartOf\":{\"@id\":\"https:\/\/acmarca.com\/fr\/#website\"},\"datePublished\":\"2023-03-24T09:12:58+00:00\",\"dateModified\":\"2023-07-04T11:22:35+00:00\",\"breadcrumb\":{\"@id\":\"https:\/\/acmarca.com\/fr\/politique-de-confidentialite\/#breadcrumb\"},\"inLanguage\":\"fr-FR\",\"potentialAction\":[{\"@type\":\"ReadAction\",\"target\":[\"https:\/\/acmarca.com\/fr\/politique-de-confidentialite\/\"]}]},{\"@type\":\"BreadcrumbList\",\"@id\":\"https:\/\/acmarca.com\/fr\/politique-de-confidentialite\/#breadcrumb\",\"itemListElement\":[{\"@type\":\"ListItem\",\"position\":1,\"name\":\"Accueil\",\"item\":\"https:\/\/acmarca.com\/fr\/\"},{\"@type\":\"ListItem\",\"position\":2,\"name\":\"Politique de confidentialit\u00e9\"}]},{\"@type\":\"WebSite\",\"@id\":\"https:\/\/acmarca.com\/fr\/#website\",\"url\":\"https:\/\/acmarca.com\/fr\/\",\"name\":\"AC Marca\",\"description\":\"\",\"publisher\":{\"@id\":\"https:\/\/acmarca.com\/fr\/#organization\"},\"potentialAction\":[{\"@type\":\"SearchAction\",\"target\":{\"@type\":\"EntryPoint\",\"urlTemplate\":\"https:\/\/acmarca.com\/fr\/?s={search_term_string}\"},\"query-input\":\"required name=search_term_string\"}],\"inLanguage\":\"fr-FR\"},{\"@type\":\"Organization\",\"@id\":\"https:\/\/acmarca.com\/fr\/#organization\",\"name\":\"AC Marca\",\"url\":\"https:\/\/acmarca.com\/fr\/\",\"logo\":{\"@type\":\"ImageObject\",\"inLanguage\":\"fr-FR\",\"@id\":\"https:\/\/acmarca.com\/fr\/#\/schema\/logo\/image\/\",\"url\":\"https:\/\/acmarca.com\/fr\/wp-content\/uploads\/sites\/3\/2022\/06\/logo.svg\",\"contentUrl\":\"https:\/\/acmarca.com\/fr\/wp-content\/uploads\/sites\/3\/2022\/06\/logo.svg\",\"width\":83,\"height\":114,\"caption\":\"AC Marca\"},\"image\":{\"@id\":\"https:\/\/acmarca.com\/fr\/#\/schema\/logo\/image\/\"}}]}<\/script>\n<!-- \/ Yoast SEO plugin. -->","yoast_head_json":{"title":"Politique de confidentialit\u00e9 - AC Marca","robots":{"index":"index","follow":"follow","max-snippet":"max-snippet:-1","max-image-preview":"max-image-preview:large","max-video-preview":"max-video-preview:-1"},"canonical":"https:\/\/acmarca.com\/fr\/politique-de-confidentialite\/","og_locale":"fr_FR","og_type":"article","og_title":"Politique de confidentialit\u00e9 - AC Marca","og_description":"Politique de confidentialit\u00e9 AC Marca souhaite \u00eatre aux c\u00f4t\u00e9s des personnes dans leur vie quotidienne, r\u00e9pondre \u00e0 leurs besoins et m\u00eame les anticiper afin d\u2019am\u00e9liorer leur qualit\u00e9 de vie gr\u00e2ce \u00e0 nos produits et nos services. Notre politique de confidentialit\u00e9 t\u00e9moigne de notre engagement envers la protection des donn\u00e9es personnelles de nos utilisateurs. Nous nous&hellip;","og_url":"https:\/\/acmarca.com\/fr\/politique-de-confidentialite\/","og_site_name":"AC Marca","article_modified_time":"2023-07-04T11:22:35+00:00","og_image":[{"url":"https:\/\/acmarca.com\/fr\/wp-content\/uploads\/sites\/3\/2022\/06\/favicon.svg"}],"twitter_card":"summary_large_image","schema":{"@context":"https:\/\/schema.org","@graph":[{"@type":"WebPage","@id":"https:\/\/acmarca.com\/fr\/politique-de-confidentialite\/","url":"https:\/\/acmarca.com\/fr\/politique-de-confidentialite\/","name":"Politique de confidentialit\u00e9 - AC Marca","isPartOf":{"@id":"https:\/\/acmarca.com\/fr\/#website"},"datePublished":"2023-03-24T09:12:58+00:00","dateModified":"2023-07-04T11:22:35+00:00","breadcrumb":{"@id":"https:\/\/acmarca.com\/fr\/politique-de-confidentialite\/#breadcrumb"},"inLanguage":"fr-FR","potentialAction":[{"@type":"ReadAction","target":["https:\/\/acmarca.com\/fr\/politique-de-confidentialite\/"]}]},{"@type":"BreadcrumbList","@id":"https:\/\/acmarca.com\/fr\/politique-de-confidentialite\/#breadcrumb","itemListElement":[{"@type":"ListItem","position":1,"name":"Accueil","item":"https:\/\/acmarca.com\/fr\/"},{"@type":"ListItem","position":2,"name":"Politique de confidentialit\u00e9"}]},{"@type":"WebSite","@id":"https:\/\/acmarca.com\/fr\/#website","url":"https:\/\/acmarca.com\/fr\/","name":"AC Marca","description":"","publisher":{"@id":"https:\/\/acmarca.com\/fr\/#organization"},"potentialAction":[{"@type":"SearchAction","target":{"@type":"EntryPoint","urlTemplate":"https:\/\/acmarca.com\/fr\/?s={search_term_string}"},"query-input":"required name=search_term_string"}],"inLanguage":"fr-FR"},{"@type":"Organization","@id":"https:\/\/acmarca.com\/fr\/#organization","name":"AC Marca","url":"https:\/\/acmarca.com\/fr\/","logo":{"@type":"ImageObject","inLanguage":"fr-FR","@id":"https:\/\/acmarca.com\/fr\/#\/schema\/logo\/image\/","url":"https:\/\/acmarca.com\/fr\/wp-content\/uploads\/sites\/3\/2022\/06\/logo.svg","contentUrl":"https:\/\/acmarca.com\/fr\/wp-content\/uploads\/sites\/3\/2022\/06\/logo.svg","width":83,"height":114,"caption":"AC Marca"},"image":{"@id":"https:\/\/acmarca.com\/fr\/#\/schema\/logo\/image\/"}}]}},"_links":{"self":[{"href":"https:\/\/acmarca.com\/fr\/wp-json\/wp\/v2\/pages\/3053"}],"collection":[{"href":"https:\/\/acmarca.com\/fr\/wp-json\/wp\/v2\/pages"}],"about":[{"href":"https:\/\/acmarca.com\/fr\/wp-json\/wp\/v2\/types\/page"}],"author":[{"embeddable":true,"href":"https:\/\/acmarca.com\/fr\/wp-json\/wp\/v2\/users\/6"}],"replies":[{"embeddable":true,"href":"https:\/\/acmarca.com\/fr\/wp-json\/wp\/v2\/comments?post=3053"}],"version-history":[{"count":25,"href":"https:\/\/acmarca.com\/fr\/wp-json\/wp\/v2\/pages\/3053\/revisions"}],"predecessor-version":[{"id":14158,"href":"https:\/\/acmarca.com\/fr\/wp-json\/wp\/v2\/pages\/3053\/revisions\/14158"}],"wp:attachment":[{"href":"https:\/\/acmarca.com\/fr\/wp-json\/wp\/v2\/media?parent=3053"}],"curies":[{"name":"wp","href":"https:\/\/api.w.org\/{rel}","templated":true}]}}