{"id":5098,"date":"2023-05-04T12:46:16","date_gmt":"2023-05-04T10:46:16","guid":{"rendered":"https:\/\/acmarca.com\/?page_id=5098"},"modified":"2023-07-12T14:59:37","modified_gmt":"2023-07-12T12:59:37","slug":"nos-actualites","status":"publish","type":"page","link":"https:\/\/acmarca.com\/fr\/nos-actualites\/","title":{"rendered":"Nos actualit\u00e9s"},"content":{"rendered":"\t\t<div data-elementor-type=\"wp-page\" data-elementor-id=\"5098\" class=\"elementor elementor-5098\" data-elementor-post-type=\"page\">\n\t\t\t\t\t\t\t\t\t<section class=\"elementor-section elementor-top-section elementor-element elementor-element-76d43bf5 elementor-section-stretched elementor-section-boxed elementor-section-height-default elementor-section-height-default\" data-id=\"76d43bf5\" data-element_type=\"section\" data-settings=\"{&quot;stretch_section&quot;:&quot;section-stretched&quot;,&quot;background_background&quot;:&quot;classic&quot;}\">\n\t\t\t\t\t\t<div class=\"elementor-container elementor-column-gap-default\">\n\t\t\t\t\t<div class=\"elementor-column elementor-col-100 elementor-top-column elementor-element elementor-element-1a7c3703\" data-id=\"1a7c3703\" data-element_type=\"column\">\n\t\t\t<div class=\"elementor-widget-wrap elementor-element-populated\">\n\t\t\t\t\t\t\t\t<div class=\"elementor-element elementor-element-580c893e elementor-widget elementor-widget-heading\" data-id=\"580c893e\" data-element_type=\"widget\" data-widget_type=\"heading.default\">\n\t\t\t\t<div class=\"elementor-widget-container\">\n\t\t\t<style>\/*! elementor - v3.14.0 - 26-06-2023 *\/\n.elementor-heading-title{padding:0;margin:0;line-height:1}.elementor-widget-heading .elementor-heading-title[class*=elementor-size-]>a{color:inherit;font-size:inherit;line-height:inherit}.elementor-widget-heading .elementor-heading-title.elementor-size-small{font-size:15px}.elementor-widget-heading .elementor-heading-title.elementor-size-medium{font-size:19px}.elementor-widget-heading .elementor-heading-title.elementor-size-large{font-size:29px}.elementor-widget-heading .elementor-heading-title.elementor-size-xl{font-size:39px}.elementor-widget-heading .elementor-heading-title.elementor-size-xxl{font-size:59px}<\/style><h1 class=\"elementor-heading-title elementor-size-default\">Derniers d\u00e9veloppements en mati\u00e8re de d\u00e9veloppement durable\n<\/h1>\t\t<\/div>\n\t\t\t\t<\/div>\n\t\t\t\t\t<\/div>\n\t\t<\/div>\n\t\t\t\t\t\t\t<\/div>\n\t\t<\/section>\n\t\t\t\t<section class=\"elementor-section elementor-top-section elementor-element elementor-element-2ca4fc57 elementor-section-boxed elementor-section-height-default elementor-section-height-default\" data-id=\"2ca4fc57\" data-element_type=\"section\">\n\t\t\t\t\t\t<div class=\"elementor-container elementor-column-gap-default\">\n\t\t\t\t\t<div class=\"elementor-column elementor-col-100 elementor-top-column elementor-element elementor-element-13f53601\" data-id=\"13f53601\" data-element_type=\"column\">\n\t\t\t<div class=\"elementor-widget-wrap elementor-element-populated\">\n\t\t\t\t\t\t\t\t<div class=\"facetwp-template facetwp-elementor-widget elementor-element elementor-element-5b35dc56 elementor-posts--align-left elementor-grid-3 elementor-grid-tablet-2 elementor-grid-mobile-1 elementor-posts--thumbnail-top elementor-posts__hover-gradient elementor-widget elementor-widget-posts\" data-id=\"5b35dc56\" data-element_type=\"widget\" data-settings=\"{&quot;pagination_type&quot;:&quot;numbers&quot;,&quot;cards_columns&quot;:&quot;3&quot;,&quot;cards_columns_tablet&quot;:&quot;2&quot;,&quot;cards_columns_mobile&quot;:&quot;1&quot;,&quot;cards_row_gap&quot;:{&quot;unit&quot;:&quot;px&quot;,&quot;size&quot;:35,&quot;sizes&quot;:[]},&quot;cards_row_gap_tablet&quot;:{&quot;unit&quot;:&quot;px&quot;,&quot;size&quot;:&quot;&quot;,&quot;sizes&quot;:[]},&quot;cards_row_gap_mobile&quot;:{&quot;unit&quot;:&quot;px&quot;,&quot;size&quot;:&quot;&quot;,&quot;sizes&quot;:[]}}\" data-widget_type=\"posts.cards\">\n\t\t\t\t<div class=\"elementor-widget-container\">\n\t\t\t<link rel=\"stylesheet\" href=\"https:\/\/acmarca.com\/fr\/wp-content\/plugins\/elementor-pro\/assets\/css\/widget-posts.min.css\">\t\t<div class=\"elementor-posts-container elementor-posts elementor-posts--skin-cards elementor-grid\">\n\t\t\t\t<article class=\"type-post hentry\">\n\t\t\t<div class=\"elementor-post__card\">\n\t\t\t\t<a class=\"elementor-post__thumbnail__link\" href=\"https:\/\/acmarca.com\/fr\/reductions-dincidences-dans-nos-usines\/\" ><div class=\"elementor-post__thumbnail\"><img width=\"768\" height=\"439\" src=\"https:\/\/acmarca.com\/fr\/wp-content\/uploads\/sites\/3\/2023\/05\/acmarca_blog_sostenibilidad_reduccion_impacto_fabricas_01-768x439.jpg\" class=\"attachment-medium_large size-medium_large wp-image-10300\" alt=\"\" decoding=\"async\" loading=\"lazy\" srcset=\"https:\/\/acmarca.com\/fr\/wp-content\/uploads\/sites\/3\/2023\/05\/acmarca_blog_sostenibilidad_reduccion_impacto_fabricas_01-768x439.jpg 768w, https:\/\/acmarca.com\/fr\/wp-content\/uploads\/sites\/3\/2023\/05\/acmarca_blog_sostenibilidad_reduccion_impacto_fabricas_01-300x171.jpg 300w, https:\/\/acmarca.com\/fr\/wp-content\/uploads\/sites\/3\/2023\/05\/acmarca_blog_sostenibilidad_reduccion_impacto_fabricas_01-1024x585.jpg 1024w, https:\/\/acmarca.com\/fr\/wp-content\/uploads\/sites\/3\/2023\/05\/acmarca_blog_sostenibilidad_reduccion_impacto_fabricas_01.jpg 1400w\" sizes=\"(max-width: 768px) 100vw, 768px\" \/><\/div><\/a>\n\t\t\t\t<div class=\"elementor-post__text\">\n\t\t\t\t<h2 class=\"elementor-post__title\">\n\t\t\t<a href=\"https:\/\/acmarca.com\/fr\/reductions-dincidences-dans-nos-usines\/\" >\n\t\t\t\tR\u00e9ductions d&rsquo;incidences dans nos usines\t\t\t<\/a>\n\t\t<\/h2>\n\t\t\t\t<div class=\"elementor-post__excerpt\">\n\t\t\t<p>R\u00e9duction de 48% des \u00e9missions de CO2 par tonne fabriqu\u00e9e au cours des 3 derni\u00e8res ann\u00e9es.<\/p>\n\t\t<\/div>\n\t\t\t\t\t<div class=\"elementor-post__read-more-wrapper\">\n\t\t\n\t\t<a class=\"elementor-post__read-more\" href=\"https:\/\/acmarca.com\/fr\/reductions-dincidences-dans-nos-usines\/\" aria-label=\"Read more about R\u00e9ductions d&rsquo;incidences dans nos usines\" >\n\t\t\t\t\t<\/a>\n\n\t\t\t\t\t<\/div>\n\t\t\t\t<\/div>\n\t\t\t\t\t<\/div>\n\t\t<\/article>\n\t\t\t\t<article class=\"type-post hentry\">\n\t\t\t<div class=\"elementor-post__card\">\n\t\t\t\t<a class=\"elementor-post__thumbnail__link\" href=\"https:\/\/acmarca.com\/fr\/reduction-de-la-consommation-deau-osmose-inverse\/\" ><div class=\"elementor-post__thumbnail\"><img width=\"768\" height=\"439\" src=\"https:\/\/acmarca.com\/fr\/wp-content\/uploads\/sites\/3\/2023\/05\/acmarca_blog_sostenibilidad_reduccion_consumo_agua_01-768x439.jpg\" class=\"attachment-medium_large size-medium_large wp-image-10252\" alt=\"\" decoding=\"async\" loading=\"lazy\" srcset=\"https:\/\/acmarca.com\/fr\/wp-content\/uploads\/sites\/3\/2023\/05\/acmarca_blog_sostenibilidad_reduccion_consumo_agua_01-768x439.jpg 768w, https:\/\/acmarca.com\/fr\/wp-content\/uploads\/sites\/3\/2023\/05\/acmarca_blog_sostenibilidad_reduccion_consumo_agua_01-300x171.jpg 300w, https:\/\/acmarca.com\/fr\/wp-content\/uploads\/sites\/3\/2023\/05\/acmarca_blog_sostenibilidad_reduccion_consumo_agua_01-1024x585.jpg 1024w, https:\/\/acmarca.com\/fr\/wp-content\/uploads\/sites\/3\/2023\/05\/acmarca_blog_sostenibilidad_reduccion_consumo_agua_01.jpg 1400w\" sizes=\"(max-width: 768px) 100vw, 768px\" \/><\/div><\/a>\n\t\t\t\t<div class=\"elementor-post__text\">\n\t\t\t\t<h2 class=\"elementor-post__title\">\n\t\t\t<a href=\"https:\/\/acmarca.com\/fr\/reduction-de-la-consommation-deau-osmose-inverse\/\" >\n\t\t\t\tR\u00e9duction de la consommation d\u2019eau, osmose inverse\t\t\t<\/a>\n\t\t<\/h2>\n\t\t\t\t<div class=\"elementor-post__excerpt\">\n\t\t\t<p>R\u00e9duction de 25% de la consommation d&rsquo;eau par Tn fabriqu\u00e9ee sur nos sites de production.<\/p>\n\t\t<\/div>\n\t\t\t\t\t<div class=\"elementor-post__read-more-wrapper\">\n\t\t\n\t\t<a class=\"elementor-post__read-more\" href=\"https:\/\/acmarca.com\/fr\/reduction-de-la-consommation-deau-osmose-inverse\/\" aria-label=\"Read more about R\u00e9duction de la consommation d\u2019eau, osmose inverse\" >\n\t\t\t\t\t<\/a>\n\n\t\t\t\t\t<\/div>\n\t\t\t\t<\/div>\n\t\t\t\t\t<\/div>\n\t\t<\/article>\n\t\t\t\t<article class=\"type-post hentry\">\n\t\t\t<div class=\"elementor-post__card\">\n\t\t\t\t<a class=\"elementor-post__thumbnail__link\" href=\"https:\/\/acmarca.com\/fr\/reduction-de-lempreinte-carbone\/\" ><div class=\"elementor-post__thumbnail\"><img width=\"768\" height=\"439\" src=\"https:\/\/acmarca.com\/fr\/wp-content\/uploads\/sites\/3\/2023\/05\/acmarca_blog_sostenibilidad_reduccion_huella_carbono_01-768x439.jpg\" class=\"attachment-medium_large size-medium_large wp-image-10079\" alt=\"\" decoding=\"async\" loading=\"lazy\" srcset=\"https:\/\/acmarca.com\/fr\/wp-content\/uploads\/sites\/3\/2023\/05\/acmarca_blog_sostenibilidad_reduccion_huella_carbono_01-768x439.jpg 768w, https:\/\/acmarca.com\/fr\/wp-content\/uploads\/sites\/3\/2023\/05\/acmarca_blog_sostenibilidad_reduccion_huella_carbono_01-300x171.jpg 300w, https:\/\/acmarca.com\/fr\/wp-content\/uploads\/sites\/3\/2023\/05\/acmarca_blog_sostenibilidad_reduccion_huella_carbono_01-1024x585.jpg 1024w, https:\/\/acmarca.com\/fr\/wp-content\/uploads\/sites\/3\/2023\/05\/acmarca_blog_sostenibilidad_reduccion_huella_carbono_01.jpg 1400w\" sizes=\"(max-width: 768px) 100vw, 768px\" \/><\/div><\/a>\n\t\t\t\t<div class=\"elementor-post__text\">\n\t\t\t\t<h2 class=\"elementor-post__title\">\n\t\t\t<a href=\"https:\/\/acmarca.com\/fr\/reduction-de-lempreinte-carbone\/\" >\n\t\t\t\tR\u00e9duction de l\u2019empreinte carbone\t\t\t<\/a>\n\t\t<\/h2>\n\t\t\t\t<div class=\"elementor-post__excerpt\">\n\t\t\t<p>Engag\u00e9s envers la plan\u00e8te gr\u00e2ce \u00e0 l\u2019utilisation d\u2019\u00e9nergie issue de sources renouvelables.<\/p>\n\t\t<\/div>\n\t\t\t\t\t<div class=\"elementor-post__read-more-wrapper\">\n\t\t\n\t\t<a class=\"elementor-post__read-more\" href=\"https:\/\/acmarca.com\/fr\/reduction-de-lempreinte-carbone\/\" aria-label=\"Read more about R\u00e9duction de l\u2019empreinte carbone\" >\n\t\t\t\t\t<\/a>\n\n\t\t\t\t\t<\/div>\n\t\t\t\t<\/div>\n\t\t\t\t\t<\/div>\n\t\t<\/article>\n\t\t\t\t<article class=\"type-post hentry\">\n\t\t\t<div class=\"elementor-post__card\">\n\t\t\t\t<a class=\"elementor-post__thumbnail__link\" href=\"https:\/\/acmarca.com\/fr\/amelioration-continue-de-lemballage\/\" ><div class=\"elementor-post__thumbnail\"><img width=\"768\" height=\"439\" src=\"https:\/\/acmarca.com\/fr\/wp-content\/uploads\/sites\/3\/2023\/05\/acmarca_blog_sostenibilidad_mejoras_packaging_02-768x439.jpg\" class=\"attachment-medium_large size-medium_large wp-image-10499\" alt=\"\" decoding=\"async\" loading=\"lazy\" srcset=\"https:\/\/acmarca.com\/fr\/wp-content\/uploads\/sites\/3\/2023\/05\/acmarca_blog_sostenibilidad_mejoras_packaging_02-768x439.jpg 768w, https:\/\/acmarca.com\/fr\/wp-content\/uploads\/sites\/3\/2023\/05\/acmarca_blog_sostenibilidad_mejoras_packaging_02-300x171.jpg 300w, https:\/\/acmarca.com\/fr\/wp-content\/uploads\/sites\/3\/2023\/05\/acmarca_blog_sostenibilidad_mejoras_packaging_02-1024x585.jpg 1024w, https:\/\/acmarca.com\/fr\/wp-content\/uploads\/sites\/3\/2023\/05\/acmarca_blog_sostenibilidad_mejoras_packaging_02.jpg 1400w\" sizes=\"(max-width: 768px) 100vw, 768px\" \/><\/div><\/a>\n\t\t\t\t<div class=\"elementor-post__text\">\n\t\t\t\t<h2 class=\"elementor-post__title\">\n\t\t\t<a href=\"https:\/\/acmarca.com\/fr\/amelioration-continue-de-lemballage\/\" >\n\t\t\t\tAm\u00e9lioration continue de l&#8217;emballage\t\t\t<\/a>\n\t\t<\/h2>\n\t\t\t\t<div class=\"elementor-post__excerpt\">\n\t\t\t<p>Emballage plus durable, r\u00e9duction des mat\u00e9riaux et du poids, nouveaux emballages et mat\u00e9riaux recycl\u00e9s.<\/p>\n\t\t<\/div>\n\t\t\t\t\t<div class=\"elementor-post__read-more-wrapper\">\n\t\t\n\t\t<a class=\"elementor-post__read-more\" href=\"https:\/\/acmarca.com\/fr\/amelioration-continue-de-lemballage\/\" aria-label=\"Read more about Am\u00e9lioration continue de l&#8217;emballage\" >\n\t\t\t\t\t<\/a>\n\n\t\t\t\t\t<\/div>\n\t\t\t\t<\/div>\n\t\t\t\t\t<\/div>\n\t\t<\/article>\n\t\t\t\t<\/div>\n\t\t\n\t\t\t\t<\/div>\n\t\t\t\t<\/div>\n\t\t\t\t\t<\/div>\n\t\t<\/div>\n\t\t\t\t\t\t\t<\/div>\n\t\t<\/section>\n\t\t\t\t\t\t\t<\/div>\n\t\t","protected":false},"excerpt":{"rendered":"<p>Derniers d\u00e9veloppements en mati\u00e8re de d\u00e9veloppement durable<\/p>\n","protected":false},"author":6,"featured_media":0,"parent":0,"menu_order":0,"comment_status":"closed","ping_status":"closed","template":"","meta":[],"acf":[],"yoast_head":"<!-- This site is optimized with the Yoast SEO plugin v20.11 - https:\/\/yoast.com\/wordpress\/plugins\/seo\/ -->\n<title>Nos actualit\u00e9s - AC Marca<\/title>\n<meta name=\"robots\" content=\"index, follow, max-snippet:-1, max-image-preview:large, max-video-preview:-1\" \/>\n<link rel=\"canonical\" href=\"https:\/\/acmarca.com\/fr\/nos-actualites\/\" \/>\n<meta property=\"og:locale\" content=\"fr_FR\" \/>\n<meta property=\"og:type\" content=\"article\" \/>\n<meta property=\"og:title\" content=\"Nos actualit\u00e9s - AC Marca\" \/>\n<meta property=\"og:description\" content=\"Derniers d\u00e9veloppements en mati\u00e8re de d\u00e9veloppement durable\" \/>\n<meta property=\"og:url\" content=\"https:\/\/acmarca.com\/fr\/nos-actualites\/\" \/>\n<meta property=\"og:site_name\" content=\"AC Marca\" \/>\n<meta property=\"article:modified_time\" content=\"2023-07-12T12:59:37+00:00\" \/>\n<meta name=\"twitter:card\" content=\"summary_large_image\" \/>\n<script type=\"application\/ld+json\" class=\"yoast-schema-graph\">{\"@context\":\"https:\/\/schema.org\",\"@graph\":[{\"@type\":\"WebPage\",\"@id\":\"https:\/\/acmarca.com\/fr\/nos-actualites\/\",\"url\":\"https:\/\/acmarca.com\/fr\/nos-actualites\/\",\"name\":\"Nos actualit\u00e9s - AC Marca\",\"isPartOf\":{\"@id\":\"https:\/\/acmarca.com\/fr\/#website\"},\"datePublished\":\"2023-05-04T10:46:16+00:00\",\"dateModified\":\"2023-07-12T12:59:37+00:00\",\"breadcrumb\":{\"@id\":\"https:\/\/acmarca.com\/fr\/nos-actualites\/#breadcrumb\"},\"inLanguage\":\"fr-FR\",\"potentialAction\":[{\"@type\":\"ReadAction\",\"target\":[\"https:\/\/acmarca.com\/fr\/nos-actualites\/\"]}]},{\"@type\":\"BreadcrumbList\",\"@id\":\"https:\/\/acmarca.com\/fr\/nos-actualites\/#breadcrumb\",\"itemListElement\":[{\"@type\":\"ListItem\",\"position\":1,\"name\":\"Accueil\",\"item\":\"https:\/\/acmarca.com\/fr\/\"},{\"@type\":\"ListItem\",\"position\":2,\"name\":\"Nos actualit\u00e9s\"}]},{\"@type\":\"WebSite\",\"@id\":\"https:\/\/acmarca.com\/fr\/#website\",\"url\":\"https:\/\/acmarca.com\/fr\/\",\"name\":\"AC Marca\",\"description\":\"\",\"publisher\":{\"@id\":\"https:\/\/acmarca.com\/fr\/#organization\"},\"potentialAction\":[{\"@type\":\"SearchAction\",\"target\":{\"@type\":\"EntryPoint\",\"urlTemplate\":\"https:\/\/acmarca.com\/fr\/?s={search_term_string}\"},\"query-input\":\"required name=search_term_string\"}],\"inLanguage\":\"fr-FR\"},{\"@type\":\"Organization\",\"@id\":\"https:\/\/acmarca.com\/fr\/#organization\",\"name\":\"AC Marca\",\"url\":\"https:\/\/acmarca.com\/fr\/\",\"logo\":{\"@type\":\"ImageObject\",\"inLanguage\":\"fr-FR\",\"@id\":\"https:\/\/acmarca.com\/fr\/#\/schema\/logo\/image\/\",\"url\":\"https:\/\/acmarca.com\/fr\/wp-content\/uploads\/sites\/3\/2022\/06\/logo.svg\",\"contentUrl\":\"https:\/\/acmarca.com\/fr\/wp-content\/uploads\/sites\/3\/2022\/06\/logo.svg\",\"width\":83,\"height\":114,\"caption\":\"AC Marca\"},\"image\":{\"@id\":\"https:\/\/acmarca.com\/fr\/#\/schema\/logo\/image\/\"}}]}<\/script>\n<!-- \/ Yoast SEO plugin. -->","yoast_head_json":{"title":"Nos actualit\u00e9s - AC Marca","robots":{"index":"index","follow":"follow","max-snippet":"max-snippet:-1","max-image-preview":"max-image-preview:large","max-video-preview":"max-video-preview:-1"},"canonical":"https:\/\/acmarca.com\/fr\/nos-actualites\/","og_locale":"fr_FR","og_type":"article","og_title":"Nos actualit\u00e9s - AC Marca","og_description":"Derniers d\u00e9veloppements en mati\u00e8re de d\u00e9veloppement durable","og_url":"https:\/\/acmarca.com\/fr\/nos-actualites\/","og_site_name":"AC Marca","article_modified_time":"2023-07-12T12:59:37+00:00","twitter_card":"summary_large_image","schema":{"@context":"https:\/\/schema.org","@graph":[{"@type":"WebPage","@id":"https:\/\/acmarca.com\/fr\/nos-actualites\/","url":"https:\/\/acmarca.com\/fr\/nos-actualites\/","name":"Nos actualit\u00e9s - AC Marca","isPartOf":{"@id":"https:\/\/acmarca.com\/fr\/#website"},"datePublished":"2023-05-04T10:46:16+00:00","dateModified":"2023-07-12T12:59:37+00:00","breadcrumb":{"@id":"https:\/\/acmarca.com\/fr\/nos-actualites\/#breadcrumb"},"inLanguage":"fr-FR","potentialAction":[{"@type":"ReadAction","target":["https:\/\/acmarca.com\/fr\/nos-actualites\/"]}]},{"@type":"BreadcrumbList","@id":"https:\/\/acmarca.com\/fr\/nos-actualites\/#breadcrumb","itemListElement":[{"@type":"ListItem","position":1,"name":"Accueil","item":"https:\/\/acmarca.com\/fr\/"},{"@type":"ListItem","position":2,"name":"Nos actualit\u00e9s"}]},{"@type":"WebSite","@id":"https:\/\/acmarca.com\/fr\/#website","url":"https:\/\/acmarca.com\/fr\/","name":"AC Marca","description":"","publisher":{"@id":"https:\/\/acmarca.com\/fr\/#organization"},"potentialAction":[{"@type":"SearchAction","target":{"@type":"EntryPoint","urlTemplate":"https:\/\/acmarca.com\/fr\/?s={search_term_string}"},"query-input":"required name=search_term_string"}],"inLanguage":"fr-FR"},{"@type":"Organization","@id":"https:\/\/acmarca.com\/fr\/#organization","name":"AC Marca","url":"https:\/\/acmarca.com\/fr\/","logo":{"@type":"ImageObject","inLanguage":"fr-FR","@id":"https:\/\/acmarca.com\/fr\/#\/schema\/logo\/image\/","url":"https:\/\/acmarca.com\/fr\/wp-content\/uploads\/sites\/3\/2022\/06\/logo.svg","contentUrl":"https:\/\/acmarca.com\/fr\/wp-content\/uploads\/sites\/3\/2022\/06\/logo.svg","width":83,"height":114,"caption":"AC Marca"},"image":{"@id":"https:\/\/acmarca.com\/fr\/#\/schema\/logo\/image\/"}}]}},"_links":{"self":[{"href":"https:\/\/acmarca.com\/fr\/wp-json\/wp\/v2\/pages\/5098"}],"collection":[{"href":"https:\/\/acmarca.com\/fr\/wp-json\/wp\/v2\/pages"}],"about":[{"href":"https:\/\/acmarca.com\/fr\/wp-json\/wp\/v2\/types\/page"}],"author":[{"embeddable":true,"href":"https:\/\/acmarca.com\/fr\/wp-json\/wp\/v2\/users\/6"}],"replies":[{"embeddable":true,"href":"https:\/\/acmarca.com\/fr\/wp-json\/wp\/v2\/comments?post=5098"}],"version-history":[{"count":47,"href":"https:\/\/acmarca.com\/fr\/wp-json\/wp\/v2\/pages\/5098\/revisions"}],"predecessor-version":[{"id":14683,"href":"https:\/\/acmarca.com\/fr\/wp-json\/wp\/v2\/pages\/5098\/revisions\/14683"}],"wp:attachment":[{"href":"https:\/\/acmarca.com\/fr\/wp-json\/wp\/v2\/media?parent=5098"}],"curies":[{"name":"wp","href":"https:\/\/api.w.org\/{rel}","templated":true}]}}