{"id":85,"date":"2022-06-09T14:45:37","date_gmt":"2022-06-09T12:45:37","guid":{"rendered":"https:\/\/acmarca.com\/?page_id=85"},"modified":"2023-07-04T12:36:03","modified_gmt":"2023-07-04T10:36:03","slug":"mentions-legales","status":"publish","type":"page","link":"https:\/\/acmarca.com\/fr\/mentions-legales\/","title":{"rendered":"Mentions l\u00e9gales"},"content":{"rendered":"\t\t<div data-elementor-type=\"wp-page\" data-elementor-id=\"85\" class=\"elementor elementor-85\" data-elementor-post-type=\"page\">\n\t\t\t\t\t\t\t\t\t<section class=\"elementor-section elementor-top-section elementor-element elementor-element-0d94585 elementor-section-stretched elementor-section-boxed elementor-section-height-default elementor-section-height-default\" data-id=\"0d94585\" data-element_type=\"section\" data-settings=\"{&quot;stretch_section&quot;:&quot;section-stretched&quot;,&quot;background_background&quot;:&quot;classic&quot;}\">\n\t\t\t\t\t\t<div class=\"elementor-container elementor-column-gap-default\">\n\t\t\t\t\t<div class=\"elementor-column elementor-col-100 elementor-top-column elementor-element elementor-element-35dec9f\" data-id=\"35dec9f\" data-element_type=\"column\">\n\t\t\t<div class=\"elementor-widget-wrap elementor-element-populated\">\n\t\t\t\t\t\t\t\t<div class=\"elementor-element elementor-element-ce7fb72 elementor-widget elementor-widget-heading\" data-id=\"ce7fb72\" data-element_type=\"widget\" data-widget_type=\"heading.default\">\n\t\t\t\t<div class=\"elementor-widget-container\">\n\t\t\t<style>\/*! elementor - v3.14.0 - 26-06-2023 *\/\n.elementor-heading-title{padding:0;margin:0;line-height:1}.elementor-widget-heading .elementor-heading-title[class*=elementor-size-]>a{color:inherit;font-size:inherit;line-height:inherit}.elementor-widget-heading .elementor-heading-title.elementor-size-small{font-size:15px}.elementor-widget-heading .elementor-heading-title.elementor-size-medium{font-size:19px}.elementor-widget-heading .elementor-heading-title.elementor-size-large{font-size:29px}.elementor-widget-heading .elementor-heading-title.elementor-size-xl{font-size:39px}.elementor-widget-heading .elementor-heading-title.elementor-size-xxl{font-size:59px}<\/style><h1 class=\"elementor-heading-title elementor-size-default\">Mentions l\u00e9gales<\/h1>\t\t<\/div>\n\t\t\t\t<\/div>\n\t\t\t\t\t<\/div>\n\t\t<\/div>\n\t\t\t\t\t\t\t<\/div>\n\t\t<\/section>\n\t\t\t\t<section class=\"elementor-section elementor-top-section elementor-element elementor-element-dc9a473 elementor-reverse-mobile elementor-section-boxed elementor-section-height-default elementor-section-height-default\" data-id=\"dc9a473\" data-element_type=\"section\">\n\t\t\t\t\t\t<div class=\"elementor-container elementor-column-gap-default\">\n\t\t\t\t\t<div class=\"elementor-column elementor-col-50 elementor-top-column elementor-element elementor-element-9a3f785\" data-id=\"9a3f785\" data-element_type=\"column\">\n\t\t\t<div class=\"elementor-widget-wrap elementor-element-populated\">\n\t\t\t\t\t\t\t\t<div class=\"elementor-element elementor-element-b882be8 elementor-widget elementor-widget-image\" data-id=\"b882be8\" data-element_type=\"widget\" data-widget_type=\"image.default\">\n\t\t\t\t<div class=\"elementor-widget-container\">\n\t\t\t<style>\/*! elementor - v3.14.0 - 26-06-2023 *\/\n.elementor-widget-image{text-align:center}.elementor-widget-image a{display:inline-block}.elementor-widget-image a img[src$=\".svg\"]{width:48px}.elementor-widget-image img{vertical-align:middle;display:inline-block}<\/style>\t\t\t\t\t\t\t\t\t\t\t\t<img decoding=\"async\" width=\"83\" height=\"114\" src=\"https:\/\/acmarca.com\/fr\/wp-content\/uploads\/sites\/3\/2022\/06\/favicon.svg\" class=\"attachment-large size-large wp-image-2957\" alt=\"\" loading=\"lazy\" \/>\t\t\t\t\t\t\t\t\t\t\t\t\t\t\t<\/div>\n\t\t\t\t<\/div>\n\t\t\t\t\t<\/div>\n\t\t<\/div>\n\t\t\t\t<div class=\"elementor-column elementor-col-50 elementor-top-column elementor-element elementor-element-6e6487f\" data-id=\"6e6487f\" data-element_type=\"column\">\n\t\t\t<div class=\"elementor-widget-wrap elementor-element-populated\">\n\t\t\t\t\t\t\t\t<div class=\"elementor-element elementor-element-528c8dc elementor-widget elementor-widget-text-editor\" data-id=\"528c8dc\" data-element_type=\"widget\" data-widget_type=\"text-editor.default\">\n\t\t\t\t<div class=\"elementor-widget-container\">\n\t\t\t<style>\/*! elementor - v3.14.0 - 26-06-2023 *\/\n.elementor-widget-text-editor.elementor-drop-cap-view-stacked .elementor-drop-cap{background-color:#69727d;color:#fff}.elementor-widget-text-editor.elementor-drop-cap-view-framed .elementor-drop-cap{color:#69727d;border:3px solid;background-color:transparent}.elementor-widget-text-editor:not(.elementor-drop-cap-view-default) .elementor-drop-cap{margin-top:8px}.elementor-widget-text-editor:not(.elementor-drop-cap-view-default) .elementor-drop-cap-letter{width:1em;height:1em}.elementor-widget-text-editor .elementor-drop-cap{float:left;text-align:center;line-height:1;font-size:50px}.elementor-widget-text-editor .elementor-drop-cap-letter{display:inline-block}<\/style>\t\t\t\t<h2>Identification du propri\u00e9taire du site Internet<\/h2><p>Le propri\u00e9taire du pr\u00e9sent site Internet est le GROUPE AC MARCA, S.L., titulaire du N.I.F. B-61.711.503 ayant son si\u00e8ge \u00e0 Av. Carrilet, 293-297, 08907 L\u2019Hospitalet de Llobregat (Barcelone), Espagne, qui est la soci\u00e9t\u00e9 m\u00e8re du groupe d\u2019entreprises AC Marca.<\/p><h2>Propri\u00e9t\u00e9 intellectuelle et industrielle<\/h2><p>Le design, les logos, les marques et les autres signes distinctifs qui apparaissent sur le site Internet appartiennent exclusivement \u00e0 AC Marca et sont prot\u00e9g\u00e9s par les droits de propri\u00e9t\u00e9 intellectuelle et industrielle correspondants.<\/p><h2>Liens vers des sites Internet tiers<\/h2><p>Le site Web d\u2019AC Marca peut contenir des liens vers des sites Web de tiers. AC Marca n&rsquo;est pas responsable du contenu de ces derniers et, par cons\u00e9quent, tout risque d\u00e9coulant de leur utilisation rel\u00e8ve de la seule responsabilit\u00e9 de l&rsquo;utilisateur. De m\u00eame, AC Marca n&rsquo;est pas responsable de la l\u00e9galit\u00e9 des sites Internet de tiers \u00e0 partir desquels le pr\u00e9sent site est accessible.<\/p><h2>Responsabilit\u00e9 du contenu<\/h2><p>AC Marca, en tant que propri\u00e9taire du pr\u00e9sent site, se r\u00e9serve le droit d&rsquo;y apporter des modifications sans pr\u00e9avis afin de maintenir ses informations \u00e0 jour, en ajoutant, modifiant, corrigeant ou \u00e9liminant les contenus publi\u00e9s ou leur mise en page.<\/p><p>AC Marca n&rsquo;est pas responsable de l&rsquo;utilisation faite par des tiers des informations publi\u00e9es sur ce site, ni des dommages ou pertes subis par tout utilisateur en relation avec les informations contenues sur le pr\u00e9sent site.<\/p><h2>Reproduction du contenu<\/h2><p>La reproduction totale ou partielle des contenus publi\u00e9s sur le pr\u00e9sent site est interdite.<\/p><h2>Droit applicable<\/h2><p>Le droit applicable en cas de litige ou de conflit d&rsquo;interpr\u00e9tation concernant les termes des pr\u00e9sentes mention l\u00e9gales, ainsi que toute question li\u00e9e aux services de ce portail, sera le droit espagnol. <\/p>\t\t\t\t\t\t<\/div>\n\t\t\t\t<\/div>\n\t\t\t\t\t<\/div>\n\t\t<\/div>\n\t\t\t\t\t\t\t<\/div>\n\t\t<\/section>\n\t\t\t\t\t\t\t<\/div>\n\t\t","protected":false},"excerpt":{"rendered":"<p>Mentions l\u00e9gales Identification du propri\u00e9taire du site Internet Le propri\u00e9taire du pr\u00e9sent site Internet est le GROUPE AC MARCA, S.L., titulaire du N.I.F. B-61.711.503 ayant son si\u00e8ge \u00e0 Av. Carrilet, 293-297, 08907 L\u2019Hospitalet de Llobregat (Barcelone), Espagne, qui est la soci\u00e9t\u00e9 m\u00e8re du groupe d\u2019entreprises AC Marca. Propri\u00e9t\u00e9 intellectuelle et industrielle Le design, les logos,&hellip;<\/p>\n","protected":false},"author":6,"featured_media":0,"parent":0,"menu_order":0,"comment_status":"closed","ping_status":"closed","template":"","meta":[],"acf":[],"yoast_head":"<!-- This site is optimized with the Yoast SEO plugin v20.11 - https:\/\/yoast.com\/wordpress\/plugins\/seo\/ -->\n<title>Mentions l\u00e9gales - AC Marca<\/title>\n<meta name=\"robots\" content=\"noindex, nofollow\" \/>\n<meta property=\"og:locale\" content=\"fr_FR\" \/>\n<meta property=\"og:type\" content=\"article\" \/>\n<meta property=\"og:title\" content=\"Mentions l\u00e9gales - AC Marca\" \/>\n<meta property=\"og:description\" content=\"Mentions l\u00e9gales Identification du propri\u00e9taire du site Internet Le propri\u00e9taire du pr\u00e9sent site Internet est le GROUPE AC MARCA, S.L., titulaire du N.I.F. B-61.711.503 ayant son si\u00e8ge \u00e0 Av. Carrilet, 293-297, 08907 L\u2019Hospitalet de Llobregat (Barcelone), Espagne, qui est la soci\u00e9t\u00e9 m\u00e8re du groupe d\u2019entreprises AC Marca. Propri\u00e9t\u00e9 intellectuelle et industrielle Le design, les logos,&hellip;\" \/>\n<meta property=\"og:url\" content=\"https:\/\/acmarca.com\/fr\/mentions-legales\/\" \/>\n<meta property=\"og:site_name\" content=\"AC Marca\" \/>\n<meta property=\"article:modified_time\" content=\"2023-07-04T10:36:03+00:00\" \/>\n<meta property=\"og:image\" content=\"https:\/\/acmarca.com\/fr\/wp-content\/uploads\/sites\/3\/2022\/06\/favicon.svg\" \/>\n<meta name=\"twitter:card\" content=\"summary_large_image\" \/>\n<script type=\"application\/ld+json\" class=\"yoast-schema-graph\">{\"@context\":\"https:\/\/schema.org\",\"@graph\":[{\"@type\":\"WebPage\",\"@id\":\"https:\/\/acmarca.com\/fr\/mentions-legales\/\",\"url\":\"https:\/\/acmarca.com\/fr\/mentions-legales\/\",\"name\":\"Mentions l\u00e9gales - AC Marca\",\"isPartOf\":{\"@id\":\"https:\/\/acmarca.com\/fr\/#website\"},\"datePublished\":\"2022-06-09T12:45:37+00:00\",\"dateModified\":\"2023-07-04T10:36:03+00:00\",\"breadcrumb\":{\"@id\":\"https:\/\/acmarca.com\/fr\/mentions-legales\/#breadcrumb\"},\"inLanguage\":\"fr-FR\",\"potentialAction\":[{\"@type\":\"ReadAction\",\"target\":[\"https:\/\/acmarca.com\/fr\/mentions-legales\/\"]}]},{\"@type\":\"BreadcrumbList\",\"@id\":\"https:\/\/acmarca.com\/fr\/mentions-legales\/#breadcrumb\",\"itemListElement\":[{\"@type\":\"ListItem\",\"position\":1,\"name\":\"Accueil\",\"item\":\"https:\/\/acmarca.com\/fr\/\"},{\"@type\":\"ListItem\",\"position\":2,\"name\":\"Mentions l\u00e9gales\"}]},{\"@type\":\"WebSite\",\"@id\":\"https:\/\/acmarca.com\/fr\/#website\",\"url\":\"https:\/\/acmarca.com\/fr\/\",\"name\":\"AC Marca\",\"description\":\"\",\"publisher\":{\"@id\":\"https:\/\/acmarca.com\/fr\/#organization\"},\"potentialAction\":[{\"@type\":\"SearchAction\",\"target\":{\"@type\":\"EntryPoint\",\"urlTemplate\":\"https:\/\/acmarca.com\/fr\/?s={search_term_string}\"},\"query-input\":\"required name=search_term_string\"}],\"inLanguage\":\"fr-FR\"},{\"@type\":\"Organization\",\"@id\":\"https:\/\/acmarca.com\/fr\/#organization\",\"name\":\"AC Marca\",\"url\":\"https:\/\/acmarca.com\/fr\/\",\"logo\":{\"@type\":\"ImageObject\",\"inLanguage\":\"fr-FR\",\"@id\":\"https:\/\/acmarca.com\/fr\/#\/schema\/logo\/image\/\",\"url\":\"https:\/\/acmarca.com\/fr\/wp-content\/uploads\/sites\/3\/2022\/06\/logo.svg\",\"contentUrl\":\"https:\/\/acmarca.com\/fr\/wp-content\/uploads\/sites\/3\/2022\/06\/logo.svg\",\"width\":83,\"height\":114,\"caption\":\"AC Marca\"},\"image\":{\"@id\":\"https:\/\/acmarca.com\/fr\/#\/schema\/logo\/image\/\"}}]}<\/script>\n<!-- \/ Yoast SEO plugin. -->","yoast_head_json":{"title":"Mentions l\u00e9gales - AC Marca","robots":{"index":"noindex","follow":"nofollow"},"og_locale":"fr_FR","og_type":"article","og_title":"Mentions l\u00e9gales - AC Marca","og_description":"Mentions l\u00e9gales Identification du propri\u00e9taire du site Internet Le propri\u00e9taire du pr\u00e9sent site Internet est le GROUPE AC MARCA, S.L., titulaire du N.I.F. B-61.711.503 ayant son si\u00e8ge \u00e0 Av. Carrilet, 293-297, 08907 L\u2019Hospitalet de Llobregat (Barcelone), Espagne, qui est la soci\u00e9t\u00e9 m\u00e8re du groupe d\u2019entreprises AC Marca. Propri\u00e9t\u00e9 intellectuelle et industrielle Le design, les logos,&hellip;","og_url":"https:\/\/acmarca.com\/fr\/mentions-legales\/","og_site_name":"AC Marca","article_modified_time":"2023-07-04T10:36:03+00:00","og_image":[{"url":"https:\/\/acmarca.com\/fr\/wp-content\/uploads\/sites\/3\/2022\/06\/favicon.svg"}],"twitter_card":"summary_large_image","schema":{"@context":"https:\/\/schema.org","@graph":[{"@type":"WebPage","@id":"https:\/\/acmarca.com\/fr\/mentions-legales\/","url":"https:\/\/acmarca.com\/fr\/mentions-legales\/","name":"Mentions l\u00e9gales - AC Marca","isPartOf":{"@id":"https:\/\/acmarca.com\/fr\/#website"},"datePublished":"2022-06-09T12:45:37+00:00","dateModified":"2023-07-04T10:36:03+00:00","breadcrumb":{"@id":"https:\/\/acmarca.com\/fr\/mentions-legales\/#breadcrumb"},"inLanguage":"fr-FR","potentialAction":[{"@type":"ReadAction","target":["https:\/\/acmarca.com\/fr\/mentions-legales\/"]}]},{"@type":"BreadcrumbList","@id":"https:\/\/acmarca.com\/fr\/mentions-legales\/#breadcrumb","itemListElement":[{"@type":"ListItem","position":1,"name":"Accueil","item":"https:\/\/acmarca.com\/fr\/"},{"@type":"ListItem","position":2,"name":"Mentions l\u00e9gales"}]},{"@type":"WebSite","@id":"https:\/\/acmarca.com\/fr\/#website","url":"https:\/\/acmarca.com\/fr\/","name":"AC Marca","description":"","publisher":{"@id":"https:\/\/acmarca.com\/fr\/#organization"},"potentialAction":[{"@type":"SearchAction","target":{"@type":"EntryPoint","urlTemplate":"https:\/\/acmarca.com\/fr\/?s={search_term_string}"},"query-input":"required name=search_term_string"}],"inLanguage":"fr-FR"},{"@type":"Organization","@id":"https:\/\/acmarca.com\/fr\/#organization","name":"AC Marca","url":"https:\/\/acmarca.com\/fr\/","logo":{"@type":"ImageObject","inLanguage":"fr-FR","@id":"https:\/\/acmarca.com\/fr\/#\/schema\/logo\/image\/","url":"https:\/\/acmarca.com\/fr\/wp-content\/uploads\/sites\/3\/2022\/06\/logo.svg","contentUrl":"https:\/\/acmarca.com\/fr\/wp-content\/uploads\/sites\/3\/2022\/06\/logo.svg","width":83,"height":114,"caption":"AC Marca"},"image":{"@id":"https:\/\/acmarca.com\/fr\/#\/schema\/logo\/image\/"}}]}},"_links":{"self":[{"href":"https:\/\/acmarca.com\/fr\/wp-json\/wp\/v2\/pages\/85"}],"collection":[{"href":"https:\/\/acmarca.com\/fr\/wp-json\/wp\/v2\/pages"}],"about":[{"href":"https:\/\/acmarca.com\/fr\/wp-json\/wp\/v2\/types\/page"}],"author":[{"embeddable":true,"href":"https:\/\/acmarca.com\/fr\/wp-json\/wp\/v2\/users\/6"}],"replies":[{"embeddable":true,"href":"https:\/\/acmarca.com\/fr\/wp-json\/wp\/v2\/comments?post=85"}],"version-history":[{"count":71,"href":"https:\/\/acmarca.com\/fr\/wp-json\/wp\/v2\/pages\/85\/revisions"}],"predecessor-version":[{"id":14152,"href":"https:\/\/acmarca.com\/fr\/wp-json\/wp\/v2\/pages\/85\/revisions\/14152"}],"wp:attachment":[{"href":"https:\/\/acmarca.com\/fr\/wp-json\/wp\/v2\/media?parent=85"}],"curies":[{"name":"wp","href":"https:\/\/api.w.org\/{rel}","templated":true}]}}